{"id":3346,"date":"2025-06-26T07:33:01","date_gmt":"2025-06-26T07:33:01","guid":{"rendered":"https:\/\/lynnboylan.ie\/raiteas-inrochtaineachta\/"},"modified":"2025-11-11T13:41:26","modified_gmt":"2025-11-11T13:41:26","slug":"raiteas-inrochtaineachta","status":"publish","type":"page","link":"https:\/\/lynnboylan.ie\/ga\/raiteas-inrochtaineachta\/","title":{"rendered":"R\u00e1iteas Inrochtaineachta"},"content":{"rendered":"\t\t<div data-elementor-type=\"wp-page\" data-elementor-id=\"3346\" class=\"elementor elementor-3346 elementor-2985\" data-elementor-post-type=\"page\">\n\t\t\t\t<div class=\"elementor-element elementor-element-e427bc5 e-con-full site--banner-home e-flex e-con e-parent\" data-id=\"e427bc5\" data-element_type=\"container\" data-e-type=\"container\" data-settings=\"{&quot;background_background&quot;:&quot;classic&quot;}\">\n\t\t<div class=\"elementor-element elementor-element-a1a6243 e-flex e-con-boxed e-con e-child\" data-id=\"a1a6243\" data-element_type=\"container\" data-e-type=\"container\">\n\t\t\t\t\t<div class=\"e-con-inner\">\n\t\t<div class=\"elementor-element elementor-element-49c95d3 e-con-full e-flex e-con e-child\" data-id=\"49c95d3\" data-element_type=\"container\" data-e-type=\"container\">\n\t\t\t\t<div class=\"elementor-element elementor-element-a8a4df1 elementor-widget elementor-widget-heading\" data-id=\"a8a4df1\" data-element_type=\"widget\" data-e-type=\"widget\" data-widget_type=\"heading.default\">\n\t\t\t\t\t<h1 class=\"elementor-heading-title elementor-size-default\">R\u00e1iteas Inrochtaineachta<\/h1>\t\t\t\t<\/div>\n\t\t\t\t<\/div>\n\t\t\t\t\t<\/div>\n\t\t\t\t<\/div>\n\t\t\t\t<\/div>\n\t\t<div class=\"elementor-element elementor-element-b725639 e-con-full e-flex e-con e-parent\" data-id=\"b725639\" data-element_type=\"container\" data-e-type=\"container\">\n\t\t<div class=\"elementor-element elementor-element-7b3bd53 e-flex e-con-boxed e-con e-child\" data-id=\"7b3bd53\" data-element_type=\"container\" data-e-type=\"container\">\n\t\t\t\t\t<div class=\"e-con-inner\">\n\t\t<div class=\"elementor-element elementor-element-c744081 e-con-full e-flex e-con e-child\" data-id=\"c744081\" data-element_type=\"container\" data-e-type=\"container\" data-settings=\"{&quot;background_background&quot;:&quot;classic&quot;}\">\n\t\t\t\t<div class=\"elementor-element elementor-element-817a970 elementor-widget elementor-widget-heading\" data-id=\"817a970\" data-element_type=\"widget\" data-e-type=\"widget\" data-widget_type=\"heading.default\">\n\t\t\t\t\t<div class=\"elementor-heading-title elementor-size-default\">D\u00e1ta \u00c9ifeachtach: 25 Meitheamh 2025<\/div>\t\t\t\t<\/div>\n\t\t\t\t<div class=\"elementor-element elementor-element-49b5aa1 elementor-widget elementor-widget-spacer\" data-id=\"49b5aa1\" data-element_type=\"widget\" data-e-type=\"widget\" data-widget_type=\"spacer.default\">\n\t\t\t\t\t\t\t<div class=\"elementor-spacer\">\n\t\t\t<div class=\"elementor-spacer-inner\"><\/div>\n\t\t<\/div>\n\t\t\t\t\t\t<\/div>\n\t\t\t\t<div class=\"elementor-element elementor-element-8a92360 elementor-widget elementor-widget-heading\" data-id=\"8a92360\" data-element_type=\"widget\" data-e-type=\"widget\" data-widget_type=\"heading.default\">\n\t\t\t\t\t<h3 class=\"elementor-heading-title elementor-size-default\">Raon feidhme<\/h3>\t\t\t\t<\/div>\n\t\t\t\t<div class=\"elementor-element elementor-element-c81b108 elementor-widget elementor-widget-text-editor\" data-id=\"c81b108\" data-element_type=\"widget\" data-e-type=\"widget\" data-widget_type=\"text-editor.default\">\n\t\t\t\t\t\t\t\t\t<p>Baineann an r\u00e1iteas seo leis an \u00e1bhar digiteach at\u00e1 ar f\u00e1il ar www.lynnboylan.ie<\/p>\t\t\t\t\t\t\t\t<\/div>\n\t\t\t\t<div class=\"elementor-element elementor-element-4555911 elementor-widget elementor-widget-heading\" data-id=\"4555911\" data-element_type=\"widget\" data-e-type=\"widget\" data-widget_type=\"heading.default\">\n\t\t\t\t\t<h4 class=\"elementor-heading-title elementor-size-default\">Tiomantas don Inrochtaineacht<\/h4>\t\t\t\t<\/div>\n\t\t\t\t<div class=\"elementor-element elementor-element-0c40390 elementor-widget elementor-widget-text-editor\" data-id=\"0c40390\" data-element_type=\"widget\" data-e-type=\"widget\" data-widget_type=\"text-editor.default\">\n\t\t\t\t\t\t\t\t\t<p>Caitheann Lynn Boylan d\u00fathracht le hinrochtaineacht dhigiteach a chinnti\u00fa do gach \u00fas\u00e1ideoir, iad si\u00fad at\u00e1 faoi mh\u00edchumas ina measc. Is \u00e9 an cusp\u00f3ir n\u00e1 eisp\u00e9ireas cuimsitheach ar l\u00edne a chur ar f\u00e1il at\u00e1 ag teacht le prionsabail na hIonstraime Eorpa\u00ed Inrochtaineachta (Treoir (AE) 2019\/882), arna cur chun feidhme in \u00c9irinn tr\u00ed I.R. Uimh. 636\/2023.<\/p>\t\t\t\t\t\t\t\t<\/div>\n\t\t\t\t<div class=\"elementor-element elementor-element-bdbda3e elementor-widget elementor-widget-spacer\" data-id=\"bdbda3e\" data-element_type=\"widget\" data-e-type=\"widget\" data-widget_type=\"spacer.default\">\n\t\t\t\t\t\t\t<div class=\"elementor-spacer\">\n\t\t\t<div class=\"elementor-spacer-inner\"><\/div>\n\t\t<\/div>\n\t\t\t\t\t\t<\/div>\n\t\t\t\t<div class=\"elementor-element elementor-element-65a9e9a elementor-widget elementor-widget-heading\" data-id=\"65a9e9a\" data-element_type=\"widget\" data-e-type=\"widget\" data-widget_type=\"heading.default\">\n\t\t\t\t\t<h3 class=\"elementor-heading-title elementor-size-default\">R\u00e1iteas Comhl\u00edontachta<\/h3>\t\t\t\t<\/div>\n\t\t\t\t<div class=\"elementor-element elementor-element-6c70c35 elementor-widget elementor-widget-text-editor\" data-id=\"6c70c35\" data-element_type=\"widget\" data-e-type=\"widget\" data-widget_type=\"text-editor.default\">\n\t\t\t\t\t\t\t\t\t<p>F\u00e9achtar lena chinnti\u00fa go bhfuil an l\u00e1ithre\u00e1n gr\u00e9as\u00e1in seo ag clo\u00ed leis na Treoirl\u00ednte maidir le hInrochtaineacht \u00c1bhair ar an nGr\u00e9as\u00e1n (WCAG) 2.1 Leibh\u00e9al AA, mar a luaitear sa Chaighde\u00e1n Eorpach Comhchuibhithe EN 301 549 v3.2.1. T\u00e1imid ag obair go gn\u00edomhach le comhl\u00edonadh ioml\u00e1n a bhaint amach agus d\u00e9anaimid meas\u00fan\u00fa rialta ar an \u00e1bhar digiteach at\u00e1 againn \u00f3 thaobh inrochtaineachta de. Ar an d\u00e1ta thuas, meastar go bhfuil su\u00edomh gr\u00e9as\u00e1in Lynn Boylan (https:\/\/lynnboylan.ie\/) ag clo\u00ed ar an ioml\u00e1n le leibh\u00e9il WCAG 2.1 AA.<\/p>\t\t\t\t\t\t\t\t<\/div>\n\t\t\t\t<div class=\"elementor-element elementor-element-117530e elementor-widget elementor-widget-spacer\" data-id=\"117530e\" data-element_type=\"widget\" data-e-type=\"widget\" data-widget_type=\"spacer.default\">\n\t\t\t\t\t\t\t<div class=\"elementor-spacer\">\n\t\t\t<div class=\"elementor-spacer-inner\"><\/div>\n\t\t<\/div>\n\t\t\t\t\t\t<\/div>\n\t\t\t\t<div class=\"elementor-element elementor-element-71042a1 elementor-widget elementor-widget-heading\" data-id=\"71042a1\" data-element_type=\"widget\" data-e-type=\"widget\" data-widget_type=\"heading.default\">\n\t\t\t\t\t<h3 class=\"elementor-heading-title elementor-size-default\">Teorainneacha Inrochtaineachta at\u00e1 ar Eolas<\/h3>\t\t\t\t<\/div>\n\t\t\t\t<div class=\"elementor-element elementor-element-9d36dbf elementor-widget elementor-widget-text-editor\" data-id=\"9d36dbf\" data-element_type=\"widget\" data-e-type=\"widget\" data-widget_type=\"text-editor.default\">\n\t\t\t\t\t\t\t\t\t<p>Aithn\u00edmid nach bhfuil an l\u00e1ithre\u00e1n gr\u00e9as\u00e1in ag comhl\u00edonadh na gcaighde\u00e1n inrochtaineachta go hioml\u00e1n sna r\u00e9ims\u00ed seo a leanas:<\/p>\n<ul>\n<li>Codarsnacht dathanna &#8211; d&#8217;fh\u00e9adfadh s\u00e9 go dteipfeadh ar ghn\u00e9ithe \u00e1irithe de i seice\u00e1lacha codarsnachta, cuir i gc\u00e1s an t\u00e9acs b\u00e1n ar ch\u00falra\u00ed glasa. An dath glas at\u00e1 \u00e1 \u00fas\u00e1id i ngach cuid den su\u00edomh gr\u00e9as\u00e1in, is \u00e9 sin dath roghnaithe an bhranda agus, d\u00e1 r\u00e9ir, is g\u00e1 d\u00fainn \u00e9 a \u00fas\u00e1id ar an su\u00edomh gr\u00e9as\u00e1in. Leis sin a sh\u00e1r\u00fa, t\u00e1 giuirl\u00e9id inrochtaineachta ann a ligeann don \u00fas\u00e1ideoir leibh\u00e9il codarsnachta &amp; dathanna a athr\u00fa, rud a leigheasfadh ar shl\u00ed phraitici\u00fail aon \u00e1bhar imn\u00ed a bheadh ag \u00fas\u00e1ideoir\u00ed \u00f3 thaobh codarsnachta de.<\/li>\n<li><span style=\"background-color: transparent;\">C\u00f3d tr\u00ed\u00fa p\u00e1irt\u00ed &#8211; t\u00e1 s\u00e9 seo ag tagairt go sonrach don ard\u00e1n toilithe\/bainistithe fian\u00e1n at\u00e1 \u00e1 \u00fas\u00e1id ar an su\u00edomh gr\u00e9as\u00e1in. D\u00e9antar c\u00f3d\/strucht\u00far na m\u00edre toilithe an\u00edos a l\u00e9iri\u00fa go dinimici\u00fail tr\u00ed bhreise\u00e1n\/script, rud a fh\u00e1gann nach bhfuil aon smacht againne ar an gc\u00f3d sonrach a l\u00e9ir\u00edtear agus, d\u00e1 bharr, nach f\u00e9idir linne dearbh\u00fa a thabhairt faoin gc\u00f3d sonrach seo \u00f3 thaobh comhl\u00edonta de n\u00e1 aon fhadhbanna a bhaineann leis a r\u00e9iteach.<\/span><\/li>\n<\/ul>\n<div><br><\/div>\n<p><span style=\"font-weight: 400;\">T\u00e1 gealltanas tugtha againn go gcuirfimid na fadhbanna sin ina gceart agus go bhfeabhs\u00f3imid inrochtaineacht an l\u00e1ithre\u00e1in gr\u00e9as\u00e1in.<\/span><\/p>\t\t\t\t\t\t\t\t<\/div>\n\t\t\t\t<div class=\"elementor-element elementor-element-c0fbf65 elementor-widget elementor-widget-spacer\" data-id=\"c0fbf65\" data-element_type=\"widget\" data-e-type=\"widget\" data-widget_type=\"spacer.default\">\n\t\t\t\t\t\t\t<div class=\"elementor-spacer\">\n\t\t\t<div class=\"elementor-spacer-inner\"><\/div>\n\t\t<\/div>\n\t\t\t\t\t\t<\/div>\n\t\t\t\t<div class=\"elementor-element elementor-element-6362a07 elementor-widget elementor-widget-heading\" data-id=\"6362a07\" data-element_type=\"widget\" data-e-type=\"widget\" data-widget_type=\"heading.default\">\n\t\t\t\t\t<h3 class=\"elementor-heading-title elementor-size-default\">Aiseolas agus Sonra\u00ed Teagmh\u00e1la<\/h3>\t\t\t\t<\/div>\n\t\t\t\t<div class=\"elementor-element elementor-element-0989bd5 elementor-widget elementor-widget-text-editor\" data-id=\"0989bd5\" data-element_type=\"widget\" data-e-type=\"widget\" data-widget_type=\"text-editor.default\">\n\t\t\t\t\t\t\t\t\t<p>Cuirimid f\u00e1ilte roimh aiseolas maidir le hinrochtaineacht an l\u00e1ithre\u00e1in gr\u00e9as\u00e1in. M\u00e1 thagann t\u00fa ar aon bhacainn\u00ed n\u00f3 m\u00e1 t\u00e1 t\u00fa ag ceapadh go bhf\u00e9adfamis rud \u00e9igin a fheabhs\u00fa ar bhealach ar bith, d\u00e9an teagmh\u00e1il linn:<\/p><ul><li>R\u00edomhphost:\u00a0<a href=\"mailto:lynn.boylan@europarl.europa.eu\">lynn.boylan@europarl.europa.eu<\/a>\u00a0<\/li><\/ul><p>Is aidhm linn freagra a thabhairt laistigh de 5 l\u00e1 gn\u00f3 ar aiseolas a bhaineann le hinrochtaineacht.<\/p>\t\t\t\t\t\t\t\t<\/div>\n\t\t\t\t<div class=\"elementor-element elementor-element-97c611f elementor-widget elementor-widget-spacer\" data-id=\"97c611f\" data-element_type=\"widget\" data-e-type=\"widget\" data-widget_type=\"spacer.default\">\n\t\t\t\t\t\t\t<div class=\"elementor-spacer\">\n\t\t\t<div class=\"elementor-spacer-inner\"><\/div>\n\t\t<\/div>\n\t\t\t\t\t\t<\/div>\n\t\t\t\t<div class=\"elementor-element elementor-element-588f898 elementor-widget elementor-widget-heading\" data-id=\"588f898\" data-element_type=\"widget\" data-e-type=\"widget\" data-widget_type=\"heading.default\">\n\t\t\t\t\t<h3 class=\"elementor-heading-title elementor-size-default\">N\u00f3s Imeachta Forfheidhmithe<\/h3>\t\t\t\t<\/div>\n\t\t\t\t<div class=\"elementor-element elementor-element-d752ac3 elementor-widget elementor-widget-text-editor\" data-id=\"d752ac3\" data-element_type=\"widget\" data-e-type=\"widget\" data-widget_type=\"text-editor.default\">\n\t\t\t\t\t\t\t\t\t<p>De r\u00e9ir I.R. Uimh. 636\/2023, mura mbeidh t\u00fa s\u00e1sta leis an bhfreagra a fhaigheann t\u00fa uainn maidir leis na nithe ab \u00fadar imn\u00ed duit \u00f3 thaobh inrochtaineachta de, f\u00e9adfaidh t\u00fa teagmh\u00e1il a dh\u00e9anamh leis an gCoimisi\u00fan um Rial\u00e1il Cumars\u00e1ide (ComReg), a fheidhm\u00edonn mar an t\u00dadar\u00e1s Comhl\u00edontachta maidir leis an Ionstraim Eorpach Inrochtaineachta in \u00c9irinn.<\/p><ul><li>Su\u00edomh Gr\u00e9as\u00e1in:\u00a0<a href=\"https:\/\/www.comreg.ie\/\">https:\/\/www.comreg.ie\/<\/a><\/li><li>F\u00f3n: +353 (01) 804 9668<\/li><\/ul>\t\t\t\t\t\t\t\t<\/div>\n\t\t\t\t<\/div>\n\t\t\t\t\t<\/div>\n\t\t\t\t<\/div>\n\t\t\t\t<\/div>\n\t\t\t\t<\/div>\n\t\t","protected":false},"excerpt":{"rendered":"<p>R\u00e1iteas Inrochtaineachta D\u00e1ta \u00c9ifeachtach: 25 Meitheamh 2025 Raon feidhme Baineann an r\u00e1iteas seo leis an \u00e1bhar digiteach at\u00e1 ar f\u00e1il ar www.lynnboylan.ie Tiomantas don Inrochtaineacht Caitheann Lynn Boylan d\u00fathracht le hinrochtaineacht dhigiteach a chinnti\u00fa do gach \u00fas\u00e1ideoir, iad si\u00fad at\u00e1 faoi mh\u00edchumas ina measc. Is \u00e9 an cusp\u00f3ir n\u00e1 eisp\u00e9ireas cuimsitheach ar l\u00edne a chur [&hellip;]<\/p>\n","protected":false},"author":1,"featured_media":0,"parent":0,"menu_order":0,"comment_status":"closed","ping_status":"closed","template":"","meta":{"_acf_changed":false,"footnotes":""},"class_list":["post-3346","page","type-page","status-publish","hentry"],"acf":[],"yoast_head":"<!-- This site is optimized with the Yoast SEO plugin v27.2 - https:\/\/yoast.com\/product\/yoast-seo-wordpress\/ -->\n<title>R\u00e1iteas Inrochtaineachta - Lynn Boylan<\/title>\n<meta name=\"robots\" content=\"index, follow, max-snippet:-1, max-image-preview:large, max-video-preview:-1\" \/>\n<link rel=\"canonical\" href=\"https:\/\/lynnboylan.ie\/accessibility-statement\/\" \/>\n<meta property=\"og:locale\" content=\"ga_IE\" \/>\n<meta property=\"og:type\" content=\"article\" \/>\n<meta property=\"og:title\" content=\"R\u00e1iteas Inrochtaineachta - Lynn Boylan\" \/>\n<meta property=\"og:description\" content=\"R\u00e1iteas Inrochtaineachta D\u00e1ta \u00c9ifeachtach: 25 Meitheamh 2025 Raon feidhme Baineann an r\u00e1iteas seo leis an \u00e1bhar digiteach at\u00e1 ar f\u00e1il ar www.lynnboylan.ie Tiomantas don Inrochtaineacht Caitheann Lynn Boylan d\u00fathracht le hinrochtaineacht dhigiteach a chinnti\u00fa do gach \u00fas\u00e1ideoir, iad si\u00fad at\u00e1 faoi mh\u00edchumas ina measc. Is \u00e9 an cusp\u00f3ir n\u00e1 eisp\u00e9ireas cuimsitheach ar l\u00edne a chur [&hellip;]\" \/>\n<meta property=\"og:url\" content=\"https:\/\/lynnboylan.ie\/accessibility-statement\/\" \/>\n<meta property=\"og:site_name\" content=\"Lynn Boylan\" \/>\n<meta property=\"article:publisher\" content=\"https:\/\/www.facebook.com\/LynnBoylanDublin\" \/>\n<meta property=\"article:modified_time\" content=\"2025-11-11T13:41:26+00:00\" \/>\n<meta name=\"twitter:card\" content=\"summary_large_image\" \/>\n<meta name=\"twitter:site\" content=\"@LNBDublin\" \/>\n<meta name=\"twitter:label1\" content=\"Est. reading time\" \/>\n\t<meta name=\"twitter:data1\" content=\"3 minutes\" \/>\n<script type=\"application\/ld+json\" class=\"yoast-schema-graph\">{\"@context\":\"https:\/\/schema.org\",\"@graph\":[{\"@type\":\"WebPage\",\"@id\":\"https:\/\/lynnboylan.ie\/accessibility-statement\/\",\"url\":\"https:\/\/lynnboylan.ie\/accessibility-statement\/\",\"name\":\"R\u00e1iteas Inrochtaineachta - Lynn Boylan\",\"isPartOf\":{\"@id\":\"https:\/\/lynnboylan.ie\/#website\"},\"datePublished\":\"2025-06-26T07:33:01+00:00\",\"dateModified\":\"2025-11-11T13:41:26+00:00\",\"breadcrumb\":{\"@id\":\"https:\/\/lynnboylan.ie\/accessibility-statement\/#breadcrumb\"},\"inLanguage\":\"ga-IE\",\"potentialAction\":[{\"@type\":\"ReadAction\",\"target\":[\"https:\/\/lynnboylan.ie\/accessibility-statement\/\"]}]},{\"@type\":\"BreadcrumbList\",\"@id\":\"https:\/\/lynnboylan.ie\/accessibility-statement\/#breadcrumb\",\"itemListElement\":[{\"@type\":\"ListItem\",\"position\":1,\"name\":\"Home\",\"item\":\"https:\/\/lynnboylan.ie\/ga\/baile\/\"},{\"@type\":\"ListItem\",\"position\":2,\"name\":\"R\u00e1iteas Inrochtaineachta\"}]},{\"@type\":\"WebSite\",\"@id\":\"https:\/\/lynnboylan.ie\/#website\",\"url\":\"https:\/\/lynnboylan.ie\/\",\"name\":\"Lynn Boylan\",\"description\":\"\",\"publisher\":{\"@id\":\"https:\/\/lynnboylan.ie\/#organization\"},\"potentialAction\":[{\"@type\":\"SearchAction\",\"target\":{\"@type\":\"EntryPoint\",\"urlTemplate\":\"https:\/\/lynnboylan.ie\/?s={search_term_string}\"},\"query-input\":{\"@type\":\"PropertyValueSpecification\",\"valueRequired\":true,\"valueName\":\"search_term_string\"}}],\"inLanguage\":\"ga-IE\"},{\"@type\":\"Organization\",\"@id\":\"https:\/\/lynnboylan.ie\/#organization\",\"name\":\"Lynn Boylan\",\"url\":\"https:\/\/lynnboylan.ie\/\",\"logo\":{\"@type\":\"ImageObject\",\"inLanguage\":\"ga-IE\",\"@id\":\"https:\/\/lynnboylan.ie\/#\/schema\/logo\/image\/\",\"url\":\"https:\/\/lynnboylan.ie\/wp-content\/uploads\/2025\/04\/LB-logo.svg\",\"contentUrl\":\"https:\/\/lynnboylan.ie\/wp-content\/uploads\/2025\/04\/LB-logo.svg\",\"caption\":\"Lynn Boylan\"},\"image\":{\"@id\":\"https:\/\/lynnboylan.ie\/#\/schema\/logo\/image\/\"},\"sameAs\":[\"https:\/\/www.facebook.com\/LynnBoylanDublin\",\"https:\/\/x.com\/LNBDublin\",\"https:\/\/www.instagram.com\/lynnboylansf\",\"https:\/\/www.tiktok.com\/@lynn.boylan.sf\",\"https:\/\/www.youtube.com\/channel\/UCH5vqyAEdvD_f_XaZ-ArHYQ\"]}]}<\/script>\n<!-- \/ Yoast SEO plugin. -->","yoast_head_json":{"title":"R\u00e1iteas Inrochtaineachta - Lynn Boylan","robots":{"index":"index","follow":"follow","max-snippet":"max-snippet:-1","max-image-preview":"max-image-preview:large","max-video-preview":"max-video-preview:-1"},"canonical":"https:\/\/lynnboylan.ie\/accessibility-statement\/","og_locale":"ga_IE","og_type":"article","og_title":"R\u00e1iteas Inrochtaineachta - Lynn Boylan","og_description":"R\u00e1iteas Inrochtaineachta D\u00e1ta \u00c9ifeachtach: 25 Meitheamh 2025 Raon feidhme Baineann an r\u00e1iteas seo leis an \u00e1bhar digiteach at\u00e1 ar f\u00e1il ar www.lynnboylan.ie Tiomantas don Inrochtaineacht Caitheann Lynn Boylan d\u00fathracht le hinrochtaineacht dhigiteach a chinnti\u00fa do gach \u00fas\u00e1ideoir, iad si\u00fad at\u00e1 faoi mh\u00edchumas ina measc. Is \u00e9 an cusp\u00f3ir n\u00e1 eisp\u00e9ireas cuimsitheach ar l\u00edne a chur [&hellip;]","og_url":"https:\/\/lynnboylan.ie\/accessibility-statement\/","og_site_name":"Lynn Boylan","article_publisher":"https:\/\/www.facebook.com\/LynnBoylanDublin","article_modified_time":"2025-11-11T13:41:26+00:00","twitter_card":"summary_large_image","twitter_site":"@LNBDublin","twitter_misc":{"Est. reading time":"3 minutes"},"schema":{"@context":"https:\/\/schema.org","@graph":[{"@type":"WebPage","@id":"https:\/\/lynnboylan.ie\/accessibility-statement\/","url":"https:\/\/lynnboylan.ie\/accessibility-statement\/","name":"R\u00e1iteas Inrochtaineachta - Lynn Boylan","isPartOf":{"@id":"https:\/\/lynnboylan.ie\/#website"},"datePublished":"2025-06-26T07:33:01+00:00","dateModified":"2025-11-11T13:41:26+00:00","breadcrumb":{"@id":"https:\/\/lynnboylan.ie\/accessibility-statement\/#breadcrumb"},"inLanguage":"ga-IE","potentialAction":[{"@type":"ReadAction","target":["https:\/\/lynnboylan.ie\/accessibility-statement\/"]}]},{"@type":"BreadcrumbList","@id":"https:\/\/lynnboylan.ie\/accessibility-statement\/#breadcrumb","itemListElement":[{"@type":"ListItem","position":1,"name":"Home","item":"https:\/\/lynnboylan.ie\/ga\/baile\/"},{"@type":"ListItem","position":2,"name":"R\u00e1iteas Inrochtaineachta"}]},{"@type":"WebSite","@id":"https:\/\/lynnboylan.ie\/#website","url":"https:\/\/lynnboylan.ie\/","name":"Lynn Boylan","description":"","publisher":{"@id":"https:\/\/lynnboylan.ie\/#organization"},"potentialAction":[{"@type":"SearchAction","target":{"@type":"EntryPoint","urlTemplate":"https:\/\/lynnboylan.ie\/?s={search_term_string}"},"query-input":{"@type":"PropertyValueSpecification","valueRequired":true,"valueName":"search_term_string"}}],"inLanguage":"ga-IE"},{"@type":"Organization","@id":"https:\/\/lynnboylan.ie\/#organization","name":"Lynn Boylan","url":"https:\/\/lynnboylan.ie\/","logo":{"@type":"ImageObject","inLanguage":"ga-IE","@id":"https:\/\/lynnboylan.ie\/#\/schema\/logo\/image\/","url":"https:\/\/lynnboylan.ie\/wp-content\/uploads\/2025\/04\/LB-logo.svg","contentUrl":"https:\/\/lynnboylan.ie\/wp-content\/uploads\/2025\/04\/LB-logo.svg","caption":"Lynn Boylan"},"image":{"@id":"https:\/\/lynnboylan.ie\/#\/schema\/logo\/image\/"},"sameAs":["https:\/\/www.facebook.com\/LynnBoylanDublin","https:\/\/x.com\/LNBDublin","https:\/\/www.instagram.com\/lynnboylansf","https:\/\/www.tiktok.com\/@lynn.boylan.sf","https:\/\/www.youtube.com\/channel\/UCH5vqyAEdvD_f_XaZ-ArHYQ"]}]}},"_links":{"self":[{"href":"https:\/\/lynnboylan.ie\/ga\/wp-json\/wp\/v2\/pages\/3346","targetHints":{"allow":["GET"]}}],"collection":[{"href":"https:\/\/lynnboylan.ie\/ga\/wp-json\/wp\/v2\/pages"}],"about":[{"href":"https:\/\/lynnboylan.ie\/ga\/wp-json\/wp\/v2\/types\/page"}],"author":[{"embeddable":true,"href":"https:\/\/lynnboylan.ie\/ga\/wp-json\/wp\/v2\/users\/1"}],"replies":[{"embeddable":true,"href":"https:\/\/lynnboylan.ie\/ga\/wp-json\/wp\/v2\/comments?post=3346"}],"version-history":[{"count":3,"href":"https:\/\/lynnboylan.ie\/ga\/wp-json\/wp\/v2\/pages\/3346\/revisions"}],"predecessor-version":[{"id":3805,"href":"https:\/\/lynnboylan.ie\/ga\/wp-json\/wp\/v2\/pages\/3346\/revisions\/3805"}],"wp:attachment":[{"href":"https:\/\/lynnboylan.ie\/ga\/wp-json\/wp\/v2\/media?parent=3346"}],"curies":[{"name":"wp","href":"https:\/\/api.w.org\/{rel}","templated":true}]}}