{"id":3335,"date":"2025-04-30T10:00:12","date_gmt":"2025-04-30T10:00:12","guid":{"rendered":"https:\/\/lynnboylan.ie\/mapa-laithreain\/"},"modified":"2025-11-11T13:14:37","modified_gmt":"2025-11-11T13:14:37","slug":"mapa-laithreain","status":"publish","type":"page","link":"https:\/\/lynnboylan.ie\/ga\/mapa-laithreain\/","title":{"rendered":"Mapa l\u00e1ithre\u00e1in"},"content":{"rendered":"\t\t<div data-elementor-type=\"wp-page\" data-elementor-id=\"3335\" class=\"elementor elementor-3335 elementor-73\" data-elementor-post-type=\"page\">\n\t\t\t\t<div class=\"elementor-element elementor-element-752223c e-con-full site--banner-home e-flex e-con e-parent\" data-id=\"752223c\" data-element_type=\"container\" data-e-type=\"container\" data-settings=\"{&quot;background_background&quot;:&quot;classic&quot;}\">\n\t\t<div class=\"elementor-element elementor-element-8f218d7 e-flex e-con-boxed e-con e-child\" data-id=\"8f218d7\" data-element_type=\"container\" data-e-type=\"container\">\n\t\t\t\t\t<div class=\"e-con-inner\">\n\t\t<div class=\"elementor-element elementor-element-248585b e-con-full e-flex e-con e-child\" data-id=\"248585b\" data-element_type=\"container\" data-e-type=\"container\">\n\t\t\t\t<div class=\"elementor-element elementor-element-5522fbf elementor-widget elementor-widget-heading\" data-id=\"5522fbf\" data-element_type=\"widget\" data-e-type=\"widget\" data-widget_type=\"heading.default\">\n\t\t\t\t\t<h1 class=\"elementor-heading-title elementor-size-default\">Mapa l\u00e1ithre\u00e1in<\/h1>\t\t\t\t<\/div>\n\t\t\t\t<\/div>\n\t\t\t\t\t<\/div>\n\t\t\t\t<\/div>\n\t\t\t\t<\/div>\n\t\t<div class=\"elementor-element elementor-element-4020e22 e-con-full e-flex e-con e-parent\" data-id=\"4020e22\" data-element_type=\"container\" data-e-type=\"container\">\n\t\t<div class=\"elementor-element elementor-element-7c3a94b e-flex e-con-boxed e-con e-child\" data-id=\"7c3a94b\" data-element_type=\"container\" data-e-type=\"container\">\n\t\t\t\t\t<div class=\"e-con-inner\">\n\t\t<div class=\"elementor-element elementor-element-2f034a0 e-con-full e-flex e-con e-child\" data-id=\"2f034a0\" data-element_type=\"container\" data-e-type=\"container\">\n\t\t\t\t<div class=\"elementor-element elementor-element-c6aa562 elementor-widget elementor-widget-sitemap\" data-id=\"c6aa562\" data-element_type=\"widget\" data-e-type=\"widget\" data-widget_type=\"sitemap.default\">\n\t\t\t\t\t<div class=\"elementor-sitemap-wrap\"><div class=\"elementor-sitemap-section\"><h3 class=\"elementor-sitemap-title elementor-sitemap-page-title\">Pages<\/h3><ul class=\"elementor-sitemap-list elementor-sitemap-page-list\"><li class=\"elementor-sitemap-item elementor-sitemap-item-page page_item page-item-3320\"><a rel=\"nofollow\" href=\"https:\/\/lynnboylan.ie\/ga\/aitiuil\/\">\u00c1iti\u00fail<\/a><\/li><li class=\"elementor-sitemap-item elementor-sitemap-item-page page_item page-item-3331\"><a rel=\"nofollow\" href=\"https:\/\/lynnboylan.ie\/ga\/an-aeraid\/\">An Aer\u00e1id<\/a><\/li><li class=\"elementor-sitemap-item elementor-sitemap-item-page page_item page-item-3313\"><a rel=\"nofollow\" href=\"https:\/\/lynnboylan.ie\/ga\/an-phalaistin\/\">An Phalaist\u00edn<\/a><\/li><li class=\"elementor-sitemap-item elementor-sitemap-item-page page_item page-item-3335\"><a rel=\"nofollow\" href=\"https:\/\/lynnboylan.ie\/ga\/mapa-laithreain\/\">Mapa l\u00e1ithre\u00e1in<\/a><\/li><li class=\"elementor-sitemap-item elementor-sitemap-item-page page_item page-item-3316\"><a rel=\"nofollow\" href=\"https:\/\/lynnboylan.ie\/ga\/nuacht\/\">Nuacht<\/a><\/li><li class=\"elementor-sitemap-item elementor-sitemap-item-page page_item page-item-3323\"><a rel=\"nofollow\" href=\"https:\/\/lynnboylan.ie\/ga\/nuachtlitir\/\">Nuachtlitir<\/a><\/li><li class=\"elementor-sitemap-item elementor-sitemap-item-page page_item page-item-3346\"><a rel=\"nofollow\" href=\"https:\/\/lynnboylan.ie\/ga\/raiteas-inrochtaineachta\/\">R\u00e1iteas Inrochtaineachta<\/a><\/li><li class=\"elementor-sitemap-item elementor-sitemap-item-page page_item page-item-3328\"><a rel=\"nofollow\" href=\"https:\/\/lynnboylan.ie\/ga\/tradail\/\">Tr\u00e1d\u00e1il<\/a><\/li><\/ul><\/div><div class=\"elementor-sitemap-section\"><h3 class=\"elementor-sitemap-title elementor-sitemap-category-title\">Categories<\/h3><span class=\"elementor-sitemap-list elementor-sitemap-category-list\">None<\/span><\/div><div class=\"elementor-sitemap-section\"><h3 class=\"elementor-sitemap-title elementor-sitemap-post_tag-title\">Clib<\/h3><span class=\"elementor-sitemap-list elementor-sitemap-post_tag-list\">None<\/span><\/div><\/div>\t\t\t\t<\/div>\n\t\t\t\t<\/div>\n\t\t\t\t\t<\/div>\n\t\t\t\t<\/div>\n\t\t\t\t<\/div>\n\t\t\t\t<\/div>\n\t\t","protected":false},"excerpt":{"rendered":"<p>Mapa l\u00e1ithre\u00e1in<\/p>\n","protected":false},"author":2,"featured_media":0,"parent":0,"menu_order":0,"comment_status":"closed","ping_status":"closed","template":"","meta":{"_acf_changed":false,"footnotes":""},"class_list":["post-3335","page","type-page","status-publish","hentry"],"acf":[],"yoast_head":"<!-- This site is optimized with the Yoast SEO plugin v27.2 - https:\/\/yoast.com\/product\/yoast-seo-wordpress\/ -->\n<title>Mapa l\u00e1ithre\u00e1in - Lynn Boylan<\/title>\n<meta name=\"robots\" content=\"index, follow, max-snippet:-1, max-image-preview:large, max-video-preview:-1\" \/>\n<link rel=\"canonical\" href=\"https:\/\/lynnboylan.ie\/sitemap\/\" \/>\n<meta property=\"og:locale\" content=\"ga_IE\" \/>\n<meta property=\"og:type\" content=\"article\" \/>\n<meta property=\"og:title\" content=\"Mapa l\u00e1ithre\u00e1in - Lynn Boylan\" \/>\n<meta property=\"og:description\" content=\"Mapa l\u00e1ithre\u00e1in\" \/>\n<meta property=\"og:url\" content=\"https:\/\/lynnboylan.ie\/sitemap\/\" \/>\n<meta property=\"og:site_name\" content=\"Lynn Boylan\" \/>\n<meta property=\"article:publisher\" content=\"https:\/\/www.facebook.com\/LynnBoylanDublin\" \/>\n<meta property=\"article:modified_time\" content=\"2025-11-11T13:14:37+00:00\" \/>\n<meta name=\"twitter:card\" content=\"summary_large_image\" \/>\n<meta name=\"twitter:site\" content=\"@LNBDublin\" \/>\n<script type=\"application\/ld+json\" class=\"yoast-schema-graph\">{\"@context\":\"https:\/\/schema.org\",\"@graph\":[{\"@type\":\"WebPage\",\"@id\":\"https:\/\/lynnboylan.ie\/sitemap\/\",\"url\":\"https:\/\/lynnboylan.ie\/sitemap\/\",\"name\":\"Mapa l\u00e1ithre\u00e1in - Lynn Boylan\",\"isPartOf\":{\"@id\":\"https:\/\/lynnboylan.ie\/#website\"},\"datePublished\":\"2025-04-30T10:00:12+00:00\",\"dateModified\":\"2025-11-11T13:14:37+00:00\",\"breadcrumb\":{\"@id\":\"https:\/\/lynnboylan.ie\/sitemap\/#breadcrumb\"},\"inLanguage\":\"ga-IE\",\"potentialAction\":[{\"@type\":\"ReadAction\",\"target\":[\"https:\/\/lynnboylan.ie\/sitemap\/\"]}]},{\"@type\":\"BreadcrumbList\",\"@id\":\"https:\/\/lynnboylan.ie\/sitemap\/#breadcrumb\",\"itemListElement\":[{\"@type\":\"ListItem\",\"position\":1,\"name\":\"Home\",\"item\":\"https:\/\/lynnboylan.ie\/ga\/baile\/\"},{\"@type\":\"ListItem\",\"position\":2,\"name\":\"Mapa l\u00e1ithre\u00e1in\"}]},{\"@type\":\"WebSite\",\"@id\":\"https:\/\/lynnboylan.ie\/#website\",\"url\":\"https:\/\/lynnboylan.ie\/\",\"name\":\"Lynn Boylan\",\"description\":\"\",\"publisher\":{\"@id\":\"https:\/\/lynnboylan.ie\/#organization\"},\"potentialAction\":[{\"@type\":\"SearchAction\",\"target\":{\"@type\":\"EntryPoint\",\"urlTemplate\":\"https:\/\/lynnboylan.ie\/?s={search_term_string}\"},\"query-input\":{\"@type\":\"PropertyValueSpecification\",\"valueRequired\":true,\"valueName\":\"search_term_string\"}}],\"inLanguage\":\"ga-IE\"},{\"@type\":\"Organization\",\"@id\":\"https:\/\/lynnboylan.ie\/#organization\",\"name\":\"Lynn Boylan\",\"url\":\"https:\/\/lynnboylan.ie\/\",\"logo\":{\"@type\":\"ImageObject\",\"inLanguage\":\"ga-IE\",\"@id\":\"https:\/\/lynnboylan.ie\/#\/schema\/logo\/image\/\",\"url\":\"https:\/\/lynnboylan.ie\/wp-content\/uploads\/2025\/04\/LB-logo.svg\",\"contentUrl\":\"https:\/\/lynnboylan.ie\/wp-content\/uploads\/2025\/04\/LB-logo.svg\",\"caption\":\"Lynn Boylan\"},\"image\":{\"@id\":\"https:\/\/lynnboylan.ie\/#\/schema\/logo\/image\/\"},\"sameAs\":[\"https:\/\/www.facebook.com\/LynnBoylanDublin\",\"https:\/\/x.com\/LNBDublin\",\"https:\/\/www.instagram.com\/lynnboylansf\",\"https:\/\/www.tiktok.com\/@lynn.boylan.sf\",\"https:\/\/www.youtube.com\/channel\/UCH5vqyAEdvD_f_XaZ-ArHYQ\"]}]}<\/script>\n<!-- \/ Yoast SEO plugin. -->","yoast_head_json":{"title":"Mapa l\u00e1ithre\u00e1in - Lynn Boylan","robots":{"index":"index","follow":"follow","max-snippet":"max-snippet:-1","max-image-preview":"max-image-preview:large","max-video-preview":"max-video-preview:-1"},"canonical":"https:\/\/lynnboylan.ie\/sitemap\/","og_locale":"ga_IE","og_type":"article","og_title":"Mapa l\u00e1ithre\u00e1in - Lynn Boylan","og_description":"Mapa l\u00e1ithre\u00e1in","og_url":"https:\/\/lynnboylan.ie\/sitemap\/","og_site_name":"Lynn Boylan","article_publisher":"https:\/\/www.facebook.com\/LynnBoylanDublin","article_modified_time":"2025-11-11T13:14:37+00:00","twitter_card":"summary_large_image","twitter_site":"@LNBDublin","schema":{"@context":"https:\/\/schema.org","@graph":[{"@type":"WebPage","@id":"https:\/\/lynnboylan.ie\/sitemap\/","url":"https:\/\/lynnboylan.ie\/sitemap\/","name":"Mapa l\u00e1ithre\u00e1in - Lynn Boylan","isPartOf":{"@id":"https:\/\/lynnboylan.ie\/#website"},"datePublished":"2025-04-30T10:00:12+00:00","dateModified":"2025-11-11T13:14:37+00:00","breadcrumb":{"@id":"https:\/\/lynnboylan.ie\/sitemap\/#breadcrumb"},"inLanguage":"ga-IE","potentialAction":[{"@type":"ReadAction","target":["https:\/\/lynnboylan.ie\/sitemap\/"]}]},{"@type":"BreadcrumbList","@id":"https:\/\/lynnboylan.ie\/sitemap\/#breadcrumb","itemListElement":[{"@type":"ListItem","position":1,"name":"Home","item":"https:\/\/lynnboylan.ie\/ga\/baile\/"},{"@type":"ListItem","position":2,"name":"Mapa l\u00e1ithre\u00e1in"}]},{"@type":"WebSite","@id":"https:\/\/lynnboylan.ie\/#website","url":"https:\/\/lynnboylan.ie\/","name":"Lynn Boylan","description":"","publisher":{"@id":"https:\/\/lynnboylan.ie\/#organization"},"potentialAction":[{"@type":"SearchAction","target":{"@type":"EntryPoint","urlTemplate":"https:\/\/lynnboylan.ie\/?s={search_term_string}"},"query-input":{"@type":"PropertyValueSpecification","valueRequired":true,"valueName":"search_term_string"}}],"inLanguage":"ga-IE"},{"@type":"Organization","@id":"https:\/\/lynnboylan.ie\/#organization","name":"Lynn Boylan","url":"https:\/\/lynnboylan.ie\/","logo":{"@type":"ImageObject","inLanguage":"ga-IE","@id":"https:\/\/lynnboylan.ie\/#\/schema\/logo\/image\/","url":"https:\/\/lynnboylan.ie\/wp-content\/uploads\/2025\/04\/LB-logo.svg","contentUrl":"https:\/\/lynnboylan.ie\/wp-content\/uploads\/2025\/04\/LB-logo.svg","caption":"Lynn Boylan"},"image":{"@id":"https:\/\/lynnboylan.ie\/#\/schema\/logo\/image\/"},"sameAs":["https:\/\/www.facebook.com\/LynnBoylanDublin","https:\/\/x.com\/LNBDublin","https:\/\/www.instagram.com\/lynnboylansf","https:\/\/www.tiktok.com\/@lynn.boylan.sf","https:\/\/www.youtube.com\/channel\/UCH5vqyAEdvD_f_XaZ-ArHYQ"]}]}},"_links":{"self":[{"href":"https:\/\/lynnboylan.ie\/ga\/wp-json\/wp\/v2\/pages\/3335","targetHints":{"allow":["GET"]}}],"collection":[{"href":"https:\/\/lynnboylan.ie\/ga\/wp-json\/wp\/v2\/pages"}],"about":[{"href":"https:\/\/lynnboylan.ie\/ga\/wp-json\/wp\/v2\/types\/page"}],"author":[{"embeddable":true,"href":"https:\/\/lynnboylan.ie\/ga\/wp-json\/wp\/v2\/users\/2"}],"replies":[{"embeddable":true,"href":"https:\/\/lynnboylan.ie\/ga\/wp-json\/wp\/v2\/comments?post=3335"}],"version-history":[{"count":4,"href":"https:\/\/lynnboylan.ie\/ga\/wp-json\/wp\/v2\/pages\/3335\/revisions"}],"predecessor-version":[{"id":3766,"href":"https:\/\/lynnboylan.ie\/ga\/wp-json\/wp\/v2\/pages\/3335\/revisions\/3766"}],"wp:attachment":[{"href":"https:\/\/lynnboylan.ie\/ga\/wp-json\/wp\/v2\/media?parent=3335"}],"curies":[{"name":"wp","href":"https:\/\/api.w.org\/{rel}","templated":true}]}}